{"id":15,"date":"2023-07-06T17:33:54","date_gmt":"2023-07-06T10:33:54","guid":{"rendered":"https:\/\/educitizens.com\/?page_id=15"},"modified":"2025-04-28T07:17:29","modified_gmt":"2025-04-28T00:17:29","slug":"lien-he","status":"publish","type":"page","link":"https:\/\/educitizens.com\/en\/lien-he\/","title":{"rendered":"Contact"},"content":{"rendered":"<div data-elementor-type=\"wp-page\" data-elementor-id=\"15\" class=\"elementor elementor-15\" data-elementor-post-type=\"page\">\n\t\t\t\t\t\t<section class=\"elementor-section elementor-top-section elementor-element elementor-element-5b24ab2 elementor-section-boxed elementor-section-height-default elementor-section-height-default\" data-id=\"5b24ab2\" data-element_type=\"section\" data-settings=\"{&quot;jet_parallax_layout_list&quot;:[]}\">\n\t\t\t\t\t\t<div class=\"elementor-container elementor-column-gap-default\">\n\t\t\t\t\t<div class=\"elementor-column elementor-col-50 elementor-top-column elementor-element elementor-element-9e3b9bf\" data-id=\"9e3b9bf\" data-element_type=\"column\">\n\t\t\t<div class=\"elementor-widget-wrap elementor-element-populated\">\n\t\t\t\t\t\t<section class=\"elementor-section elementor-inner-section elementor-element elementor-element-af55bca elementor-section-boxed elementor-section-height-default elementor-section-height-default\" data-id=\"af55bca\" data-element_type=\"section\" data-settings=\"{&quot;jet_parallax_layout_list&quot;:[]}\">\n\t\t\t\t\t\t<div class=\"elementor-container elementor-column-gap-default\">\n\t\t\t\t\t<div class=\"elementor-column elementor-col-100 elementor-inner-column elementor-element elementor-element-28958ac\" data-id=\"28958ac\" data-element_type=\"column\">\n\t\t\t<div class=\"elementor-widget-wrap elementor-element-populated\">\n\t\t\t\t\t\t<div class=\"elementor-element elementor-element-648621b css_tiieu_de elementor-widget elementor-widget-heading\" data-id=\"648621b\" data-element_type=\"widget\" data-widget_type=\"heading.default\">\n\t\t\t\t<div class=\"elementor-widget-container\">\n\t\t\t\t\t<h2 class=\"elementor-heading-title elementor-size-default\">Information <\/h2>\t\t\t\t<\/div>\n\t\t\t\t<\/div>\n\t\t\t\t<div class=\"elementor-element elementor-element-bda9dfb elementor-widget elementor-widget-heading\" data-id=\"bda9dfb\" data-element_type=\"widget\" data-widget_type=\"heading.default\">\n\t\t\t\t<div class=\"elementor-widget-container\">\n\t\t\t\t\t<p class=\"elementor-heading-title elementor-size-default\">Educitizens<\/p>\t\t\t\t<\/div>\n\t\t\t\t<\/div>\n\t\t\t\t<div class=\"elementor-element elementor-element-eab4736 elementor-icon-list--layout-traditional elementor-list-item-link-full_width elementor-widget elementor-widget-icon-list\" data-id=\"eab4736\" data-element_type=\"widget\" data-widget_type=\"icon-list.default\">\n\t\t\t\t<div class=\"elementor-widget-container\">\n\t\t\t\t\t\t\t<ul class=\"elementor-icon-list-items\">\n\t\t\t\t\t\t\t<li class=\"elementor-icon-list-item\">\n\t\t\t\t\t\t\t\t\t\t<span class=\"elementor-icon-list-text\">Facility 1: Laurantie 7B24, 01360 Vantaa, Finland.<\/span>\n\t\t\t\t\t\t\t\t\t<\/li>\n\t\t\t\t\t\t\t\t<li class=\"elementor-icon-list-item\">\n\t\t\t\t\t\t\t\t\t\t<span class=\"elementor-icon-list-text\">C\u01a1 s\u1edf 2: 478A Hai B\u00e0 Tr\u01b0ng, P. T\u00e2n \u0110\u1ecbnh, Qu\u1eadn 1, H\u1ed3 Ch\u00ed Minh.<\/span>\n\t\t\t\t\t\t\t\t\t<\/li>\n\t\t\t\t\t\t\t\t<li class=\"elementor-icon-list-item\">\n\t\t\t\t\t\t\t\t\t\t<span class=\"elementor-icon-list-text\">Facility 3: 05\/3 Ngo Thi Nham, Ward 04, City. Da Lat.<\/span>\n\t\t\t\t\t\t\t\t\t<\/li>\n\t\t\t\t\t\t\t\t<li class=\"elementor-icon-list-item\">\n\t\t\t\t\t\t\t\t\t\t<span class=\"elementor-icon-list-text\">Hotline\/ Zalo: +84 93 222 4162<\/span>\n\t\t\t\t\t\t\t\t\t<\/li>\n\t\t\t\t\t\t\t\t<li class=\"elementor-icon-list-item\">\n\t\t\t\t\t\t\t\t\t\t<span class=\"elementor-icon-list-text\">Email: info@educitizens.com<\/span>\n\t\t\t\t\t\t\t\t\t<\/li>\n\t\t\t\t\t\t<\/ul>\n\t\t\t\t\t\t<\/div>\n\t\t\t\t<\/div>\n\t\t\t\t<div class=\"elementor-element elementor-element-a144d0b elementor-widget elementor-widget-heading\" data-id=\"a144d0b\" data-element_type=\"widget\" data-widget_type=\"heading.default\">\n\t\t\t\t<div class=\"elementor-widget-container\">\n\t\t\t\t\t<p class=\"elementor-heading-title elementor-size-default\">Connect with us<\/p>\t\t\t\t<\/div>\n\t\t\t\t<\/div>\n\t\t\t\t<div class=\"elementor-element elementor-element-7c0f77d elementor-grid-6 e-grid-align-left elementor-shape-rounded elementor-widget elementor-widget-social-icons\" data-id=\"7c0f77d\" data-element_type=\"widget\" data-widget_type=\"social-icons.default\">\n\t\t\t\t<div class=\"elementor-widget-container\">\n\t\t\t\t\t\t\t<div class=\"elementor-social-icons-wrapper elementor-grid\" role=\"list\">\n\t\t\t\t\t\t\t<span class=\"elementor-grid-item\" role=\"listitem\">\n\t\t\t\t\t<a class=\"elementor-icon elementor-social-icon elementor-social-icon-facebook elementor-repeater-item-77913d9\" href=\"https:\/\/www.facebook.com\/educitizenseu\" target=\"_blank\">\n\t\t\t\t\t\t<span class=\"elementor-screen-only\">Facebook<\/span>\n\t\t\t\t\t\t<i class=\"fab fa-facebook\"><\/i>\t\t\t\t\t<\/a>\n\t\t\t\t<\/span>\n\t\t\t\t\t\t\t<span class=\"elementor-grid-item\" role=\"listitem\">\n\t\t\t\t\t<a class=\"elementor-icon elementor-social-icon elementor-social-icon- elementor-repeater-item-6c69674\" href=\"https:\/\/zalo.me\/0932224162\" target=\"_blank\">\n\t\t\t\t\t\t<span class=\"elementor-screen-only\"><\/span>\n\t\t\t\t\t\t<svg xmlns=\"http:\/\/www.w3.org\/2000\/svg\" viewbox=\"0 0 50 50\" width=\"50px\" height=\"50px\"><path d=\"M 9 4 C 6.2504839 4 4 6.2504839 4 9 L 4 41 C 4 43.749516 6.2504839 46 9 46 L 41 46 C 43.749516 46 46 43.749516 46 41 L 46 9 C 46 6.2504839 43.749516 4 41 4 L 9 4 z M 9 6 L 15.580078 6 C 12.00899 9.7156859 10 14.518083 10 19.5 C 10 24.66 12.110156 29.599844 15.910156 33.339844 C 16.030156 33.549844 16.129922 34.579531 15.669922 35.769531 C 15.379922 36.519531 14.799687 37.499141 13.679688 37.869141 C 13.249688 38.009141 12.97 38.430859 13 38.880859 C 13.03 39.330859 13.360781 39.710781 13.800781 39.800781 C 16.670781 40.370781 18.529297 39.510078 20.029297 38.830078 C 21.379297 38.210078 22.270625 37.789609 23.640625 38.349609 C 26.440625 39.439609 29.42 40 32.5 40 C 36.593685 40 40.531459 39.000731 44 37.113281 L 44 41 C 44 42.668484 42.668484 44 41 44 L 9 44 C 7.3315161 44 6 42.668484 6 41 L 6 9 C 6 7.3315161 7.3315161 6 9 6 z M 33 15 C 33.55 15 34 15.45 34 16 L 34 25 C 34 25.55 33.55 26 33 26 C 32.45 26 32 25.55 32 25 L 32 16 C 32 15.45 32.45 15 33 15 z M 18 16 L 23 16 C 23.36 16 23.700859 16.199531 23.880859 16.519531 C 24.050859 16.829531 24.039609 17.219297 23.849609 17.529297 L 19.800781 24 L 23 24 C 23.55 24 24 24.45 24 25 C 24 25.55 23.55 26 23 26 L 18 26 C 17.64 26 17.299141 25.800469 17.119141 25.480469 C 16.949141 25.170469 16.960391 24.780703 17.150391 24.470703 L 21.199219 18 L 18 18 C 17.45 18 17 17.55 17 17 C 17 16.45 17.45 16 18 16 z M 27.5 19 C 28.11 19 28.679453 19.169219 29.189453 19.449219 C 29.369453 19.189219 29.65 19 30 19 C 30.55 19 31 19.45 31 20 L 31 25 C 31 25.55 30.55 26 30 26 C 29.65 26 29.369453 25.810781 29.189453 25.550781 C 28.679453 25.830781 28.11 26 27.5 26 C 25.57 26 24 24.43 24 22.5 C 24 20.57 25.57 19 27.5 19 z M 38.5 19 C 40.43 19 42 20.57 42 22.5 C 42 24.43 40.43 26 38.5 26 C 36.57 26 35 24.43 35 22.5 C 35 20.57 36.57 19 38.5 19 z M 27.5 21 C 27.39625 21 27.29502 21.011309 27.197266 21.03125 C 27.001758 21.071133 26.819727 21.148164 26.660156 21.255859 C 26.500586 21.363555 26.363555 21.500586 26.255859 21.660156 C 26.148164 21.819727 26.071133 22.001758 26.03125 22.197266 C 26.011309 22.29502 26 22.39625 26 22.5 C 26 22.60375 26.011309 22.70498 26.03125 22.802734 C 26.051191 22.900488 26.079297 22.994219 26.117188 23.083984 C 26.155078 23.17375 26.202012 23.260059 26.255859 23.339844 C 26.309707 23.419629 26.371641 23.492734 26.439453 23.560547 C 26.507266 23.628359 26.580371 23.690293 26.660156 23.744141 C 26.819727 23.851836 27.001758 23.928867 27.197266 23.96875 C 27.29502 23.988691 27.39625 24 27.5 24 C 27.60375 24 27.70498 23.988691 27.802734 23.96875 C 28.487012 23.82916 29 23.22625 29 22.5 C 29 21.67 28.33 21 27.5 21 z M 38.5 21 C 38.39625 21 38.29502 21.011309 38.197266 21.03125 C 38.099512 21.051191 38.005781 21.079297 37.916016 21.117188 C 37.82625 21.155078 37.739941 21.202012 37.660156 21.255859 C 37.580371 21.309707 37.507266 21.371641 37.439453 21.439453 C 37.303828 21.575078 37.192969 21.736484 37.117188 21.916016 C 37.079297 22.005781 37.051191 22.099512 37.03125 22.197266 C 37.011309 22.29502 37 22.39625 37 22.5 C 37 22.60375 37.011309 22.70498 37.03125 22.802734 C 37.051191 22.900488 37.079297 22.994219 37.117188 23.083984 C 37.155078 23.17375 37.202012 23.260059 37.255859 23.339844 C 37.309707 23.419629 37.371641 23.492734 37.439453 23.560547 C 37.507266 23.628359 37.580371 23.690293 37.660156 23.744141 C 37.739941 23.797988 37.82625 23.844922 37.916016 23.882812 C 38.005781 23.920703 38.099512 23.948809 38.197266 23.96875 C 38.29502 23.988691 38.39625 24 38.5 24 C 38.60375 24 38.70498 23.988691 38.802734 23.96875 C 39.487012 23.82916 40 23.22625 40 22.5 C 40 21.67 39.33 21 38.5 21 z\"><\/path><\/svg>\t\t\t\t\t<\/a>\n\t\t\t\t<\/span>\n\t\t\t\t\t\t\t<span class=\"elementor-grid-item\" role=\"listitem\">\n\t\t\t\t\t<a class=\"elementor-icon elementor-social-icon elementor-social-icon-youtube elementor-repeater-item-11d11a7\" href=\"https:\/\/www.youtube.com\/@EDUCITIZENS-TUVANDUHOC\" target=\"_blank\">\n\t\t\t\t\t\t<span class=\"elementor-screen-only\">Youtube<\/span>\n\t\t\t\t\t\t<i class=\"fab fa-youtube\"><\/i>\t\t\t\t\t<\/a>\n\t\t\t\t<\/span>\n\t\t\t\t\t\t\t<span class=\"elementor-grid-item\" role=\"listitem\">\n\t\t\t\t\t<a class=\"elementor-icon elementor-social-icon elementor-social-icon- elementor-repeater-item-58593bc\" href=\"https:\/\/www.tiktok.com\/@educitizens\" target=\"_blank\">\n\t\t\t\t\t\t<span class=\"elementor-screen-only\"><\/span>\n\t\t\t\t\t\t<svg xmlns=\"http:\/\/www.w3.org\/2000\/svg\" height=\"800\" width=\"1200\" fill=\"none\" viewbox=\"-4.004985 -7.600025 34.70987 45.60015\"><path fill=\"#25F4EE\" d=\"M10.4 11.9999v-1.2c-.4-.1-.8-.0999-1.2-.0999-5.1 0-9.2 4.0999-9.2 9.1999 0 3.1 1.6 5.9 3.9 7.5l-.1-.1C2.3 25.6999 1.5 23.5 1.5 21.2c0-5.1 4-9.1001 8.9-9.2001z\"><\/path><path fill=\"#25F4EE\" d=\"M10.6002 25.4c2.3 0 4.1-1.8 4.2-4.1v-20h3.6c-.1-.4-.1-.8-.1-1.3h-5v20c-.1 2.2-1.9 4-4.2 4-.7 0-1.4-.2-1.9-.5.8 1.1 2 1.9 3.4 1.9zM25.3 8.1V6.9c-1.4 0-2.7-.4-3.8-1.1 1 1.1 2.3 2 3.8 2.3z\"><\/path><path fill=\"#FE2C55\" d=\"M21.4999 5.8c-1.1-1.2-1.7-2.8-1.7-4.6h-1.4c.4 2 1.6 3.6 3.1 4.6zM9.2 15.5999c-2.3 0-4.2 1.9-4.2 4.2 0 1.6 1 3 2.3 3.7-.5-.7-.8-1.5-.8-2.4 0-2.3 1.9-4.2 4.2-4.2.4 0 .8.1 1.2.2v-5.1c-.4-.1-.8-.1-1.2-.1h-.2v3.8c-.5 0-.9-.1-1.3-.1z\"><\/path><path fill=\"#FE2C55\" d=\"M25.2999 8.1001v3.8c-2.6 0-5-.8-6.9-2.2v10.2c0 5.1-4.1 9.2-9.2 9.2-2 0-3.8-.6-5.3-1.6 1.7 1.8 4.1 2.9 6.7 2.9 5.1 0 9.2-4.1 9.2-9.2v-10.2c2 1.4 4.4 2.2 6.9 2.2v-5c-.4 0-.9 0-1.4-.1z\"><\/path><path fill=\"#fff\" d=\"M18.3999 19.8999v-10.2c2 1.4001 4.4 2.2 6.9 2.2v-3.9c-1.5-.3-2.8-1.1-3.8-2.2-1.6-1-2.7-2.7-3-4.6h-3.7V21.2c-.1 2.2-1.9 4-4.2 4-1.4 0-2.6-.7001-3.4-1.7001-1.3-.6-2.2-2-2.2-3.6 0-2.3 1.9-4.1999 4.2-4.1999.4 0 .8.0999 1.2.1999v-3.9c-5 .1-9 4.2001-9 9.2001 0 2.4.9 4.5999 2.5 6.2999 1.5 1 3.3 1.7001 5.3 1.7001 5.1-.1 9.2-4.3001 9.2-9.3001z\"><\/path><\/svg>\t\t\t\t\t<\/a>\n\t\t\t\t<\/span>\n\t\t\t\t\t<\/div>\n\t\t\t\t\t\t<\/div>\n\t\t\t\t<\/div>\n\t\t\t\t\t<\/div>\n\t\t<\/div>\n\t\t\t\t\t<\/div>\n\t\t<\/section>\n\t\t\t\t\t<\/div>\n\t\t<\/div>\n\t\t\t\t<div class=\"elementor-column elementor-col-50 elementor-top-column elementor-element elementor-element-5b15299\" data-id=\"5b15299\" data-element_type=\"column\">\n\t\t\t<div class=\"elementor-widget-wrap elementor-element-populated\">\n\t\t\t\t\t\t<section class=\"elementor-section elementor-inner-section elementor-element elementor-element-2cbe204 elementor-section-boxed elementor-section-height-default elementor-section-height-default\" data-id=\"2cbe204\" data-element_type=\"section\" data-settings=\"{&quot;jet_parallax_layout_list&quot;:[]}\">\n\t\t\t\t\t\t<div class=\"elementor-container elementor-column-gap-default\">\n\t\t\t\t\t<div class=\"elementor-column elementor-col-100 elementor-inner-column elementor-element elementor-element-77bfcc9\" data-id=\"77bfcc9\" data-element_type=\"column\">\n\t\t\t<div class=\"elementor-widget-wrap elementor-element-populated\">\n\t\t\t\t\t\t<div class=\"elementor-element elementor-element-32c8697 css_tiieu_de elementor-widget elementor-widget-heading\" data-id=\"32c8697\" data-element_type=\"widget\" data-widget_type=\"heading.default\">\n\t\t\t\t<div class=\"elementor-widget-container\">\n\t\t\t\t\t<h2 class=\"elementor-heading-title elementor-size-default\">Sign up for a consultation<\/h2>\t\t\t\t<\/div>\n\t\t\t\t<\/div>\n\t\t\t\t<div class=\"elementor-element elementor-element-083980b elementor-button-align-start elementor-widget elementor-widget-form\" data-id=\"083980b\" data-element_type=\"widget\" data-settings=\"{&quot;step_next_label&quot;:&quot;Next&quot;,&quot;step_previous_label&quot;:&quot;Previous&quot;,&quot;button_width&quot;:&quot;100&quot;,&quot;step_type&quot;:&quot;number_text&quot;,&quot;step_icon_shape&quot;:&quot;circle&quot;}\" data-widget_type=\"form.default\">\n\t\t\t\t<div class=\"elementor-widget-container\">\n\t\t\t\t\t\t\t<form class=\"elementor-form\" method=\"post\" name=\"Form \u0111\u0103ng k\u00fd t\u01b0 v\u1ea5n\" action=\"\">\n\t\t\t<input type=\"hidden\" name=\"post_id\" value=\"15\"\/>\n\t\t\t<input type=\"hidden\" name=\"form_id\" value=\"083980b\"\/>\n\t\t\t<input type=\"hidden\" name=\"referer_title\" value=\"\" \/>\n\n\t\t\t\n\t\t\t<div class=\"elementor-form-fields-wrapper elementor-labels-\">\n\t\t\t\t\t\t\t\t<div class=\"elementor-field-type-text elementor-field-group elementor-column elementor-field-group-hovaten elementor-col-100 elementor-field-required\">\n\t\t\t\t\t\t\t\t\t\t\t\t<label for=\"form-field-hovaten\" class=\"elementor-field-label elementor-screen-only\">\n\t\t\t\t\t\t\t\tFirst and last name\t\t\t\t\t\t\t<\/label>\n\t\t\t\t\t\t\t\t\t\t\t\t\t\t<input size=\"1\" type=\"text\" name=\"form_fields[hovaten]\" id=\"form-field-hovaten\" class=\"elementor-field elementor-size-sm  elementor-field-textual\" placeholder=\"First and last name\" required=\"required\" aria-required=\"true\">\n\t\t\t\t\t\t\t\t\t\t\t<\/div>\n\t\t\t\t\t\t\t\t<div class=\"elementor-field-type-email elementor-field-group elementor-column elementor-field-group-email elementor-col-100 elementor-field-required\">\n\t\t\t\t\t\t\t\t\t\t\t\t<label for=\"form-field-email\" class=\"elementor-field-label elementor-screen-only\">\n\t\t\t\t\t\t\t\tEmail\t\t\t\t\t\t\t<\/label>\n\t\t\t\t\t\t\t\t\t\t\t\t\t\t<input size=\"1\" type=\"email\" name=\"form_fields[email]\" id=\"form-field-email\" class=\"elementor-field elementor-size-sm  elementor-field-textual\" placeholder=\"Email\" required=\"required\" aria-required=\"true\">\n\t\t\t\t\t\t\t\t\t\t\t<\/div>\n\t\t\t\t\t\t\t\t<div class=\"elementor-field-type-tel elementor-field-group elementor-column elementor-field-group-sdt elementor-col-100 elementor-field-required\">\n\t\t\t\t\t\t\t\t\t\t\t\t<label for=\"form-field-sdt\" class=\"elementor-field-label elementor-screen-only\">\n\t\t\t\t\t\t\t\tPhone number\t\t\t\t\t\t\t<\/label>\n\t\t\t\t\t\t\t\t<input size=\"1\" type=\"tel\" name=\"form_fields[sdt]\" id=\"form-field-sdt\" class=\"elementor-field elementor-size-sm  elementor-field-textual\" placeholder=\"Phone number\" required=\"required\" aria-required=\"true\" pattern=\"[0-9()#&amp;+*-=.]+\" title=\"Only numbers and phone characters (#, -, *, etc) are accepted.\">\n\n\t\t\t\t\t\t<\/div>\n\t\t\t\t\t\t\t\t<div class=\"elementor-field-type-textarea elementor-field-group elementor-column elementor-field-group-noidung elementor-col-100\">\n\t\t\t\t\t\t\t\t\t\t\t\t<label for=\"form-field-noidung\" class=\"elementor-field-label elementor-screen-only\">\n\t\t\t\t\t\t\t\tContent of interest\t\t\t\t\t\t\t<\/label>\n\t\t\t\t\t\t<textarea class=\"elementor-field-textual elementor-field  elementor-size-sm\" name=\"form_fields[noidung]\" id=\"form-field-noidung\" rows=\"4\" placeholder=\"Content of interest\"><\/textarea>\t\t\t\t<\/div>\n\t\t\t\t\t\t\t\t<div class=\"elementor-field-group elementor-column elementor-field-type-submit elementor-col-100 e-form__buttons\">\n\t\t\t\t\t<button type=\"submit\" class=\"elementor-button elementor-size-sm\">\n\t\t\t\t\t\t<span >\n\t\t\t\t\t\t\t\t\t\t\t\t\t\t\t<span class=\"elementor-button-icon\">\n\t\t\t\t\t\t\t\t\t\t\t\t\t\t\t\t\t\t\t\t\t\t\t\t\t\t<\/span>\n\t\t\t\t\t\t\t\t\t\t\t\t\t\t\t\t\t\t\t\t\t\t<span class=\"elementor-button-text\">Register now<\/span>\n\t\t\t\t\t\t\t\t\t\t\t\t\t<\/span>\n\t\t\t\t\t<\/button>\n\t\t\t\t<\/div>\n\t\t\t<\/div>\n\t\t<input type=\"hidden\" name=\"trp-form-language\" value=\"en\"\/><\/form>\n\t\t\t\t\t\t<\/div>\n\t\t\t\t<\/div>\n\t\t\t\t\t<\/div>\n\t\t<\/div>\n\t\t\t\t\t<\/div>\n\t\t<\/section>\n\t\t\t\t\t<\/div>\n\t\t<\/div>\n\t\t\t\t\t<\/div>\n\t\t<\/section>\n\t\t\t\t<section class=\"elementor-section elementor-top-section elementor-element elementor-element-e0aa2d3 elementor-section-boxed elementor-section-height-default elementor-section-height-default\" data-id=\"e0aa2d3\" data-element_type=\"section\" data-settings=\"{&quot;jet_parallax_layout_list&quot;:[]}\">\n\t\t\t\t\t\t<div class=\"elementor-container elementor-column-gap-default\">\n\t\t\t\t\t<div class=\"elementor-column elementor-col-100 elementor-top-column elementor-element elementor-element-b190bb6\" data-id=\"b190bb6\" data-element_type=\"column\">\n\t\t\t<div class=\"elementor-widget-wrap elementor-element-populated\">\n\t\t\t\t\t\t<div class=\"elementor-element elementor-element-b5f75c0 elementor-widget elementor-widget-google_maps\" data-id=\"b5f75c0\" data-element_type=\"widget\" data-widget_type=\"google_maps.default\">\n\t\t\t\t<div class=\"elementor-widget-container\">\n\t\t\t\t\t\t\t<div class=\"elementor-custom-embed\">\n\t\t\t<iframe loading=\"lazy\"\n\t\t\t\t\tsrc=\"https:\/\/maps.google.com\/maps?q=478A%20Hai%20B%C3%A0%20Tr%C6%B0ng%2C%20Ph%C6%B0%E1%BB%9Dng%20T%C3%A2n%20%C4%90%E1%BB%8Bnh%2C%20Qu%E1%BA%ADn%201&#038;t=m&#038;z=16&#038;output=embed&#038;iwloc=near\"\n\t\t\t\t\ttitle=\"478A Hai B\u00e0 Tr\u01b0ng, Ph\u01b0\u1eddng T\u00e2n \u0110\u1ecbnh, Qu\u1eadn 1\"\n\t\t\t\t\taria-label=\"478A Hai B\u00e0 Tr\u01b0ng, Ph\u01b0\u1eddng T\u00e2n \u0110\u1ecbnh, Qu\u1eadn 1\"\n\t\t\t><\/iframe>\n\t\t<\/div>\n\t\t\t\t\t\t<\/div>\n\t\t\t\t<\/div>\n\t\t\t\t\t<\/div>\n\t\t<\/div>\n\t\t\t\t\t<\/div>\n\t\t<\/section>\n\t\t\t\t<\/div>","protected":false},"excerpt":{"rendered":"<p>Th\u00f4ng tin Educitizens C\u01a1 s\u1edf 1: Laurantie 7B24, 01360 Vantaa, Finland. C\u01a1 s\u1edf 2: 478A Hai B\u00e0 Tr\u01b0ng, P. T\u00e2n \u0110\u1ecbnh, Qu\u1eadn 1, H\u1ed3 Ch\u00ed Minh. C\u01a1 s\u1edf 3: 05\/3 Ng\u00f4 Th\u00ec Nh\u1eadm, Ph\u01b0\u1eddng 04, Tp. \u0110\u00e0 L\u1ea1t. Hotline\/ Zalo: +84 93 222 4162 Email: info@educitizens.com K\u1ebft n\u1ed1i v\u1edbi ch\u00fang t\u00f4i Facebook Youtube \u0110\u0103ng k\u00fd [&hellip;]<\/p>","protected":false},"author":2,"featured_media":0,"parent":0,"menu_order":0,"comment_status":"closed","ping_status":"closed","template":"elementor_header_footer","meta":{"site-sidebar-layout":"no-sidebar","site-content-layout":"page-builder","ast-site-content-layout":"default","site-content-style":"default","site-sidebar-style":"default","ast-global-header-display":"","ast-banner-title-visibility":"","ast-main-header-display":"","ast-hfb-above-header-display":"","ast-hfb-below-header-display":"","ast-hfb-mobile-header-display":"","site-post-title":"disabled","ast-breadcrumbs-content":"","ast-featured-img":"disabled","footer-sml-layout":"","theme-transparent-header-meta":"default","adv-header-id-meta":"","stick-header-meta":"default","header-above-stick-meta":"","header-main-stick-meta":"","header-below-stick-meta":"","astra-migrate-meta-layouts":"default","ast-page-background-enabled":"default","ast-page-background-meta":{"desktop":{"background-color":"var(--ast-global-color-4)","background-image":"","background-repeat":"repeat","background-position":"center center","background-size":"auto","background-attachment":"scroll","background-type":"","background-media":"","overlay-type":"","overlay-color":"","overlay-opacity":"","overlay-gradient":""},"tablet":{"background-color":"","background-image":"","background-repeat":"repeat","background-position":"center center","background-size":"auto","background-attachment":"scroll","background-type":"","background-media":"","overlay-type":"","overlay-color":"","overlay-opacity":"","overlay-gradient":""},"mobile":{"background-color":"","background-image":"","background-repeat":"repeat","background-position":"center center","background-size":"auto","background-attachment":"scroll","background-type":"","background-media":"","overlay-type":"","overlay-color":"","overlay-opacity":"","overlay-gradient":""}},"ast-content-background-meta":{"desktop":{"background-color":"var(--ast-global-color-5)","background-image":"","background-repeat":"repeat","background-position":"center center","background-size":"auto","background-attachment":"scroll","background-type":"","background-media":"","overlay-type":"","overlay-color":"","overlay-opacity":"","overlay-gradient":""},"tablet":{"background-color":"var(--ast-global-color-5)","background-image":"","background-repeat":"repeat","background-position":"center center","background-size":"auto","background-attachment":"scroll","background-type":"","background-media":"","overlay-type":"","overlay-color":"","overlay-opacity":"","overlay-gradient":""},"mobile":{"background-color":"var(--ast-global-color-5)","background-image":"","background-repeat":"repeat","background-position":"center center","background-size":"auto","background-attachment":"scroll","background-type":"","background-media":"","overlay-type":"","overlay-color":"","overlay-opacity":"","overlay-gradient":""}},"footnotes":""},"class_list":["post-15","page","type-page","status-publish","hentry"],"_links":{"self":[{"href":"https:\/\/educitizens.com\/en\/wp-json\/wp\/v2\/pages\/15","targetHints":{"allow":["GET"]}}],"collection":[{"href":"https:\/\/educitizens.com\/en\/wp-json\/wp\/v2\/pages"}],"about":[{"href":"https:\/\/educitizens.com\/en\/wp-json\/wp\/v2\/types\/page"}],"author":[{"embeddable":true,"href":"https:\/\/educitizens.com\/en\/wp-json\/wp\/v2\/users\/2"}],"replies":[{"embeddable":true,"href":"https:\/\/educitizens.com\/en\/wp-json\/wp\/v2\/comments?post=15"}],"version-history":[{"count":0,"href":"https:\/\/educitizens.com\/en\/wp-json\/wp\/v2\/pages\/15\/revisions"}],"wp:attachment":[{"href":"https:\/\/educitizens.com\/en\/wp-json\/wp\/v2\/media?parent=15"}],"curies":[{"name":"wp","href":"https:\/\/api.w.org\/{rel}","templated":true}]}}